{"id":203,"date":"2025-04-09T11:45:41","date_gmt":"2025-04-09T09:45:41","guid":{"rendered":"http:\/\/chloe-guidance-therapeutique.com\/?page_id=203"},"modified":"2025-06-04T11:50:03","modified_gmt":"2025-06-04T09:50:03","slug":"travail-sur-lenfant-interieur-rencontrer-lenfant","status":"publish","type":"page","link":"https:\/\/chloe-guidance-therapeutique.com\/?page_id=203","title":{"rendered":"Travail sur l&rsquo;Enfant Interieur"},"content":{"rendered":"\n<div class=\"wp-block-cover alignfull is-light\" style=\"padding-top:2%;min-height:30rem;aspect-ratio:unset;\"><img loading=\"lazy\" decoding=\"async\" width=\"712\" height=\"1024\" class=\"wp-block-cover__image-background wp-image-271 size-large\" alt=\"\" src=\"https:\/\/chloe-guidance-therapeutique.com\/wp-content\/uploads\/2025\/04\/IMG_0258-4-712x1024.png\" style=\"object-position:56% 86%\" data-object-fit=\"cover\" data-object-position=\"56% 86%\" srcset=\"https:\/\/chloe-guidance-therapeutique.com\/wp-content\/uploads\/2025\/04\/IMG_0258-4-712x1024.png 712w, https:\/\/chloe-guidance-therapeutique.com\/wp-content\/uploads\/2025\/04\/IMG_0258-4-208x300.png 208w, https:\/\/chloe-guidance-therapeutique.com\/wp-content\/uploads\/2025\/04\/IMG_0258-4-768x1105.png 768w, https:\/\/chloe-guidance-therapeutique.com\/wp-content\/uploads\/2025\/04\/IMG_0258-4-1067x1536.png 1067w, https:\/\/chloe-guidance-therapeutique.com\/wp-content\/uploads\/2025\/04\/IMG_0258-4.png 1640w\" sizes=\"auto, (max-width: 712px) 100vw, 712px\" \/><span aria-hidden=\"true\" class=\"wp-block-cover__background has-white-background-color has-background-dim\"><\/span><div class=\"wp-block-cover__inner-container has-global-padding is-layout-constrained wp-container-core-cover-is-layout-ee51f2d2 wp-block-cover-is-layout-constrained\">\n<div class=\"wp-block-group alignwide is-vertical is-content-justification-center is-layout-flex wp-container-core-group-is-layout-5e763914 wp-block-group-is-layout-flex\" style=\"min-height:8rem\">\n<div class=\"wp-block-group has-global-padding is-layout-constrained wp-container-core-group-is-layout-bea02a06 wp-block-group-is-layout-constrained\">\n<h1 class=\"wp-block-heading has-text-align-center has-text-color\" style=\"color:#576d91e6;margin-top:0rem;margin-bottom:1.01rem;font-size:clamp(2.071rem, 2.071rem + ((1vw - 0.2rem) * 2.98), 3.71rem);font-style:normal;font-weight:400;line-height:1;text-transform:capitalize\">Rencontrer l&rsquo;Enfant Int\u00e9rieur<\/h1>\n<\/div>\n<\/div>\n<\/div><\/div>\n\n\n\n<section class=\"wp-block-group alignfull has-text-color has-global-padding is-layout-constrained wp-container-core-group-is-layout-4252d6ba wp-block-group-is-layout-constrained\" style=\"color:#03081e;margin-top:0px;padding-top:6.51rem;padding-right:1rem;padding-bottom:5.5rem;padding-left:1rem;font-size:clamp(0.875rem, 0.875rem + ((1vw - 0.2rem) * 0.464), 1.13rem);font-style:normal;font-weight:400;line-height:1.4\">\n<div class=\"wp-block-columns is-layout-flex wp-container-core-columns-is-layout-db2df21c wp-block-columns-is-layout-flex\" style=\"margin-bottom:0px\">\n<div class=\"wp-block-column has-global-padding is-content-justification-left is-layout-constrained wp-container-core-column-is-layout-12dd3699 wp-block-column-is-layout-constrained\" style=\"flex-basis:45%\">\n<figure class=\"wp-block-image aligncenter size-full is-resized has-custom-border\"><a href=\"https:\/\/chloe-guidance-therapeutique.com\/?page_id=40\"><img loading=\"lazy\" decoding=\"async\" width=\"1452\" height=\"1500\" src=\"https:\/\/chloe-guidance-therapeutique.com\/wp-content\/uploads\/2025\/03\/IMG_0158-1.jpeg\" alt=\"Rencontrer l'Enfant Int\u00e9rieur\n\n\" class=\"has-border-color wp-image-66\" style=\"border-color:#236ffc38;border-width:2px;border-radius:15px;aspect-ratio:3\/4;object-fit:cover;width:446px;height:auto\" srcset=\"https:\/\/chloe-guidance-therapeutique.com\/wp-content\/uploads\/2025\/03\/IMG_0158-1.jpeg 1452w, https:\/\/chloe-guidance-therapeutique.com\/wp-content\/uploads\/2025\/03\/IMG_0158-1-290x300.jpeg 290w, https:\/\/chloe-guidance-therapeutique.com\/wp-content\/uploads\/2025\/03\/IMG_0158-1-991x1024.jpeg 991w, https:\/\/chloe-guidance-therapeutique.com\/wp-content\/uploads\/2025\/03\/IMG_0158-1-768x793.jpeg 768w\" sizes=\"auto, (max-width: 1452px) 100vw, 1452px\" \/><\/a><\/figure>\n<\/div>\n\n\n\n<div class=\"wp-block-column is-layout-flow wp-block-column-is-layout-flow\">\n<div class=\"wp-block-group is-vertical is-content-justification-left is-layout-flex wp-container-core-group-is-layout-c5d44cae wp-block-group-is-layout-flex\" style=\"min-height:100%\">\n<div class=\"wp-block-group has-global-padding is-content-justification-center is-layout-constrained wp-container-core-group-is-layout-b15c80d6 wp-block-group-is-layout-constrained\">\n<h2 class=\"wp-block-heading has-text-align-left has-text-color\" style=\"color:#576d91e6;margin-top:0.5rem;margin-bottom:1.01rem;font-size:clamp(1.146rem, 1.146rem + ((1vw - 0.2rem) * 1.189), 1.8rem);font-style:normal;font-weight:500;letter-spacing:0px;line-height:1.3;text-transform:capitalize\">Rencontrer l&rsquo;Enfant Int\u00e9rieur<\/h2>\n\n\n\n<p class=\"has-text-align-left has-text-color\" style=\"color:#03081e;margin-top:0rem;font-size:clamp(0.875rem, 0.875rem + ((1vw - 0.2rem) * 0.609), 1.21rem);font-style:normal;font-weight:400;line-height:1.6\">Une approche spirituelle, philosophie et th\u00e9rapeutique.<\/p>\n\n\n\n<p class=\"has-text-align-left has-text-color\" style=\"color:#03081e;margin-top:0rem;font-size:clamp(0.875rem, 0.875rem + ((1vw - 0.2rem) * 0.609), 1.21rem);font-style:normal;font-weight:400;line-height:1.6\">-Bient\u00f4t disponible-<\/p>\n<\/div>\n<\/div>\n<\/div>\n<\/div>\n<\/section>\n\n\n\n<section class=\"wp-block-cover alignfull is-light\" style=\"margin-top:0px;padding-bottom:13.51rem;min-height:600px;aspect-ratio:unset;\"><img loading=\"lazy\" decoding=\"async\" width=\"712\" height=\"1024\" class=\"wp-block-cover__image-background wp-image-271 size-large\" alt=\"\" src=\"https:\/\/chloe-guidance-therapeutique.com\/wp-content\/uploads\/2025\/04\/IMG_0258-4-712x1024.png\" style=\"object-position:48% 44%\" data-object-fit=\"cover\" data-object-position=\"48% 44%\" srcset=\"https:\/\/chloe-guidance-therapeutique.com\/wp-content\/uploads\/2025\/04\/IMG_0258-4-712x1024.png 712w, https:\/\/chloe-guidance-therapeutique.com\/wp-content\/uploads\/2025\/04\/IMG_0258-4-208x300.png 208w, https:\/\/chloe-guidance-therapeutique.com\/wp-content\/uploads\/2025\/04\/IMG_0258-4-768x1105.png 768w, https:\/\/chloe-guidance-therapeutique.com\/wp-content\/uploads\/2025\/04\/IMG_0258-4-1067x1536.png 1067w, https:\/\/chloe-guidance-therapeutique.com\/wp-content\/uploads\/2025\/04\/IMG_0258-4.png 1640w\" sizes=\"auto, (max-width: 712px) 100vw, 712px\" \/><span aria-hidden=\"true\" class=\"wp-block-cover__background has-white-background-color has-background-dim-30 has-background-dim\"><\/span><div class=\"wp-block-cover__inner-container has-global-padding is-layout-constrained wp-container-core-cover-is-layout-14880c13 wp-block-cover-is-layout-constrained\">\n<div class=\"wp-block-group alignfull has-text-color has-global-padding is-layout-constrained wp-container-core-group-is-layout-6f61d7e7 wp-block-group-is-layout-constrained\" style=\"color:#252525;margin-top:0px;padding-top:0rem;padding-right:1rem;padding-bottom:0rem;padding-left:1rem;font-size:clamp(0.875rem, 0.875rem + ((1vw - 0.2rem) * 0.464), 1.13rem);font-style:normal;font-weight:400;line-height:1.4\">\n<div class=\"wp-block-group has-background has-global-padding is-layout-constrained wp-container-core-group-is-layout-cb423028 wp-block-group-is-layout-constrained\" style=\"background-color:#ffffffa6;margin-top:var(--wp--preset--spacing--20);margin-bottom:var(--wp--preset--spacing--20);padding-top:var(--wp--preset--spacing--50);padding-bottom:var(--wp--preset--spacing--50);box-shadow:6px 6px 9px rgba(0, 0, 0, 0.2)\">\n<div class=\"wp-block-group has-global-padding is-layout-constrained wp-container-core-group-is-layout-a099c240 wp-block-group-is-layout-constrained\">\n<h4 class=\"wp-block-heading has-text-align-center has-text-color\" style=\"color:#576d91e6;margin-bottom:1.11rem;font-size:clamp(1.556rem, 1.556rem + ((1vw - 0.2rem) * 1.916), 2.61rem);font-style:normal;font-weight:500;line-height:1.2;text-transform:capitalize\">Voyons-nous<\/h4>\n\n\n\n<p class=\"has-text-align-center has-text-color\" style=\"color:#03081e;margin-top:0rem;font-size:px;line-height:1.5\">Prendre soin de soi commence par une rencontre. Prenez rendez-vous et r\u00e9servez votre s\u00e9ance en ligne. Je vous attends en toute simplicit\u00e9 et avec bienveillance pour vous accompagner.<br><\/p>\n\n\n\n<div class=\"wp-block-group is-vertical is-content-justification-stretch is-layout-flex wp-container-core-group-is-layout-be82aac6 wp-block-group-is-layout-flex\" style=\"margin-top:0rem;padding-right:0px;padding-left:0px\">\n<div class=\"wp-block-group has-global-padding is-content-justification-center is-layout-constrained wp-container-core-group-is-layout-0638dde4 wp-block-group-is-layout-constrained\" style=\"margin-top:0px\">\n<div class=\"wp-block-buttons is-horizontal is-content-justification-right is-layout-flex wp-container-core-buttons-is-layout-1b0e492f wp-block-buttons-is-layout-flex\" style=\"margin-top:2.21rem\">\n<div class=\"wp-block-button has-custom-width wp-block-button__width-100\"><a class=\"wp-block-button__link has-text-color has-background has-link-color wp-element-button\" href=\"https:\/\/calendly.com\/voyonsnous-chloephilippe\/rdv-guidance-therapeutique\" style=\"border-radius:15px;color:#000000;background-color:#236ffc70;padding-top:var(--wp--preset--spacing--40);padding-right:var(--wp--preset--spacing--20);padding-bottom:var(--wp--preset--spacing--40);padding-left:var(--wp--preset--spacing--20);box-shadow:6px 6px 0px rgba(0, 0, 0, 0.2)\" target=\"_blank\" rel=\"noreferrer noopener\">R\u00e9servez votre s\u00e9ance<\/a><\/div>\n<\/div>\n<\/div>\n<\/div>\n<\/div>\n<\/div>\n<\/div>\n<\/div><\/section>\n","protected":false},"excerpt":{"rendered":"<p>Rencontrer l&rsquo;Enfant Int\u00e9rieur Une approche spirituelle, philosophie et th\u00e9rapeutique. -Bient\u00f4t disponible-<\/p>\n","protected":false},"author":1,"featured_media":0,"parent":0,"menu_order":0,"comment_status":"closed","ping_status":"closed","template":"","meta":{"footnotes":""},"class_list":["post-203","page","type-page","status-publish","hentry"],"yoast_head":"<!-- This site is optimized with the Yoast SEO plugin v25.2 - https:\/\/yoast.com\/wordpress\/plugins\/seo\/ -->\n<title>Travail sur l&#039;Enfant Interieur - Rencontrer l&#039;enfant int\u00e9rieur<\/title>\n<meta name=\"description\" content=\"Rencontrer l&#039;Enfant Int\u00e9rieur Une approche spirituelle, philosophie et th\u00e9rapeutique. -Bient\u00f4t disponible-\" \/>\n<meta name=\"robots\" content=\"index, follow, max-snippet:-1, max-image-preview:large, max-video-preview:-1\" \/>\n<link rel=\"canonical\" href=\"https:\/\/chloe-guidance-therapeutique.com\/?page_id=203\" \/>\n<meta property=\"og:locale\" content=\"fr_FR\" \/>\n<meta property=\"og:type\" content=\"article\" \/>\n<meta property=\"og:title\" content=\"Rencontrer l&#039;enfant int\u00e9rieur\" \/>\n<meta property=\"og:description\" content=\"Rencontrer l&#039;Enfant Int\u00e9rieur Une approche spirituelle, philosophie et th\u00e9rapeutique. -Bient\u00f4t disponible-\" \/>\n<meta property=\"og:url\" content=\"https:\/\/chloe-guidance-therapeutique.com\/?page_id=203\" \/>\n<meta property=\"og:site_name\" content=\"En Je - Chlo\u00e9 Philippe\" \/>\n<meta property=\"article:modified_time\" content=\"2025-06-04T09:50:03+00:00\" \/>\n<meta property=\"og:image\" content=\"https:\/\/chloe-guidance-therapeutique.com\/wp-content\/uploads\/2025\/04\/IMG_0158.jpeg\" \/>\n\t<meta property=\"og:image:width\" content=\"1452\" \/>\n\t<meta property=\"og:image:height\" content=\"1500\" \/>\n\t<meta property=\"og:image:type\" content=\"image\/jpeg\" \/>\n<meta name=\"twitter:card\" content=\"summary_large_image\" \/>\n<meta name=\"twitter:label1\" content=\"Dur\u00e9e de lecture estim\u00e9e\" \/>\n\t<meta name=\"twitter:data1\" content=\"1 minute\" \/>\n<script type=\"application\/ld+json\" class=\"yoast-schema-graph\">{\"@context\":\"https:\/\/schema.org\",\"@graph\":[{\"@type\":\"WebPage\",\"@id\":\"https:\/\/chloe-guidance-therapeutique.com\/?page_id=203\",\"url\":\"https:\/\/chloe-guidance-therapeutique.com\/?page_id=203\",\"name\":\"Travail sur l'Enfant Interieur - Rencontrer l'enfant int\u00e9rieur\",\"isPartOf\":{\"@id\":\"https:\/\/chloe-guidance-therapeutique.com\/#website\"},\"primaryImageOfPage\":{\"@id\":\"https:\/\/chloe-guidance-therapeutique.com\/?page_id=203#primaryimage\"},\"image\":{\"@id\":\"https:\/\/chloe-guidance-therapeutique.com\/?page_id=203#primaryimage\"},\"thumbnailUrl\":\"http:\/\/chloe-guidance-therapeutique.com\/wp-content\/uploads\/2025\/04\/IMG_0258-4-712x1024.png\",\"datePublished\":\"2025-04-09T09:45:41+00:00\",\"dateModified\":\"2025-06-04T09:50:03+00:00\",\"description\":\"Rencontrer l'Enfant Int\u00e9rieur Une approche spirituelle, philosophie et th\u00e9rapeutique. -Bient\u00f4t disponible-\",\"breadcrumb\":{\"@id\":\"https:\/\/chloe-guidance-therapeutique.com\/?page_id=203#breadcrumb\"},\"inLanguage\":\"fr-FR\",\"potentialAction\":[{\"@type\":\"ReadAction\",\"target\":[\"https:\/\/chloe-guidance-therapeutique.com\/?page_id=203\"]}]},{\"@type\":\"ImageObject\",\"inLanguage\":\"fr-FR\",\"@id\":\"https:\/\/chloe-guidance-therapeutique.com\/?page_id=203#primaryimage\",\"url\":\"http:\/\/chloe-guidance-therapeutique.com\/wp-content\/uploads\/2025\/04\/IMG_0258-4-712x1024.png\",\"contentUrl\":\"http:\/\/chloe-guidance-therapeutique.com\/wp-content\/uploads\/2025\/04\/IMG_0258-4-712x1024.png\"},{\"@type\":\"BreadcrumbList\",\"@id\":\"https:\/\/chloe-guidance-therapeutique.com\/?page_id=203#breadcrumb\",\"itemListElement\":[{\"@type\":\"ListItem\",\"position\":1,\"name\":\"Accueil\",\"item\":\"https:\/\/chloe-guidance-therapeutique.com\/\"},{\"@type\":\"ListItem\",\"position\":2,\"name\":\"Travail sur l&rsquo;Enfant Interieur\"}]},{\"@type\":\"WebSite\",\"@id\":\"https:\/\/chloe-guidance-therapeutique.com\/#website\",\"url\":\"https:\/\/chloe-guidance-therapeutique.com\/\",\"name\":\"www.chloe-guidance-therapeutique.com\",\"description\":\"Un site utilisant WordPress\",\"publisher\":{\"@id\":\"https:\/\/chloe-guidance-therapeutique.com\/#organization\"},\"alternateName\":\"En Je - Chlo\u00e9 Philippe\",\"potentialAction\":[{\"@type\":\"SearchAction\",\"target\":{\"@type\":\"EntryPoint\",\"urlTemplate\":\"https:\/\/chloe-guidance-therapeutique.com\/?s={search_term_string}\"},\"query-input\":{\"@type\":\"PropertyValueSpecification\",\"valueRequired\":true,\"valueName\":\"search_term_string\"}}],\"inLanguage\":\"fr-FR\"},{\"@type\":\"Organization\",\"@id\":\"https:\/\/chloe-guidance-therapeutique.com\/#organization\",\"name\":\"En Je - Chlo\u00e9 Philippe\",\"url\":\"https:\/\/chloe-guidance-therapeutique.com\/\",\"logo\":{\"@type\":\"ImageObject\",\"inLanguage\":\"fr-FR\",\"@id\":\"https:\/\/chloe-guidance-therapeutique.com\/#\/schema\/logo\/image\/\",\"url\":\"https:\/\/chloe-guidance-therapeutique.com\/wp-content\/uploads\/2025\/04\/cropped-IMG_0300.jpg\",\"contentUrl\":\"https:\/\/chloe-guidance-therapeutique.com\/wp-content\/uploads\/2025\/04\/cropped-IMG_0300.jpg\",\"width\":512,\"height\":512,\"caption\":\"En Je - Chlo\u00e9 Philippe\"},\"image\":{\"@id\":\"https:\/\/chloe-guidance-therapeutique.com\/#\/schema\/logo\/image\/\"},\"sameAs\":[\"https:\/\/www.instagram.com\/enje_chloephilippe?igsh=MmFwODVmYmZtZGVi&utm_source=qr\"]}]}<\/script>\n<!-- \/ Yoast SEO plugin. -->","yoast_head_json":{"title":"Travail sur l'Enfant Interieur - Rencontrer l'enfant int\u00e9rieur","description":"Rencontrer l'Enfant Int\u00e9rieur Une approche spirituelle, philosophie et th\u00e9rapeutique. -Bient\u00f4t disponible-","robots":{"index":"index","follow":"follow","max-snippet":"max-snippet:-1","max-image-preview":"max-image-preview:large","max-video-preview":"max-video-preview:-1"},"canonical":"https:\/\/chloe-guidance-therapeutique.com\/?page_id=203","og_locale":"fr_FR","og_type":"article","og_title":"Rencontrer l'enfant int\u00e9rieur","og_description":"Rencontrer l'Enfant Int\u00e9rieur Une approche spirituelle, philosophie et th\u00e9rapeutique. -Bient\u00f4t disponible-","og_url":"https:\/\/chloe-guidance-therapeutique.com\/?page_id=203","og_site_name":"En Je - Chlo\u00e9 Philippe","article_modified_time":"2025-06-04T09:50:03+00:00","og_image":[{"width":1452,"height":1500,"url":"https:\/\/chloe-guidance-therapeutique.com\/wp-content\/uploads\/2025\/04\/IMG_0158.jpeg","type":"image\/jpeg"}],"twitter_card":"summary_large_image","twitter_misc":{"Dur\u00e9e de lecture estim\u00e9e":"1 minute"},"schema":{"@context":"https:\/\/schema.org","@graph":[{"@type":"WebPage","@id":"https:\/\/chloe-guidance-therapeutique.com\/?page_id=203","url":"https:\/\/chloe-guidance-therapeutique.com\/?page_id=203","name":"Travail sur l'Enfant Interieur - Rencontrer l'enfant int\u00e9rieur","isPartOf":{"@id":"https:\/\/chloe-guidance-therapeutique.com\/#website"},"primaryImageOfPage":{"@id":"https:\/\/chloe-guidance-therapeutique.com\/?page_id=203#primaryimage"},"image":{"@id":"https:\/\/chloe-guidance-therapeutique.com\/?page_id=203#primaryimage"},"thumbnailUrl":"http:\/\/chloe-guidance-therapeutique.com\/wp-content\/uploads\/2025\/04\/IMG_0258-4-712x1024.png","datePublished":"2025-04-09T09:45:41+00:00","dateModified":"2025-06-04T09:50:03+00:00","description":"Rencontrer l'Enfant Int\u00e9rieur Une approche spirituelle, philosophie et th\u00e9rapeutique. -Bient\u00f4t disponible-","breadcrumb":{"@id":"https:\/\/chloe-guidance-therapeutique.com\/?page_id=203#breadcrumb"},"inLanguage":"fr-FR","potentialAction":[{"@type":"ReadAction","target":["https:\/\/chloe-guidance-therapeutique.com\/?page_id=203"]}]},{"@type":"ImageObject","inLanguage":"fr-FR","@id":"https:\/\/chloe-guidance-therapeutique.com\/?page_id=203#primaryimage","url":"http:\/\/chloe-guidance-therapeutique.com\/wp-content\/uploads\/2025\/04\/IMG_0258-4-712x1024.png","contentUrl":"http:\/\/chloe-guidance-therapeutique.com\/wp-content\/uploads\/2025\/04\/IMG_0258-4-712x1024.png"},{"@type":"BreadcrumbList","@id":"https:\/\/chloe-guidance-therapeutique.com\/?page_id=203#breadcrumb","itemListElement":[{"@type":"ListItem","position":1,"name":"Accueil","item":"https:\/\/chloe-guidance-therapeutique.com\/"},{"@type":"ListItem","position":2,"name":"Travail sur l&rsquo;Enfant Interieur"}]},{"@type":"WebSite","@id":"https:\/\/chloe-guidance-therapeutique.com\/#website","url":"https:\/\/chloe-guidance-therapeutique.com\/","name":"www.chloe-guidance-therapeutique.com","description":"Un site utilisant WordPress","publisher":{"@id":"https:\/\/chloe-guidance-therapeutique.com\/#organization"},"alternateName":"En Je - Chlo\u00e9 Philippe","potentialAction":[{"@type":"SearchAction","target":{"@type":"EntryPoint","urlTemplate":"https:\/\/chloe-guidance-therapeutique.com\/?s={search_term_string}"},"query-input":{"@type":"PropertyValueSpecification","valueRequired":true,"valueName":"search_term_string"}}],"inLanguage":"fr-FR"},{"@type":"Organization","@id":"https:\/\/chloe-guidance-therapeutique.com\/#organization","name":"En Je - Chlo\u00e9 Philippe","url":"https:\/\/chloe-guidance-therapeutique.com\/","logo":{"@type":"ImageObject","inLanguage":"fr-FR","@id":"https:\/\/chloe-guidance-therapeutique.com\/#\/schema\/logo\/image\/","url":"https:\/\/chloe-guidance-therapeutique.com\/wp-content\/uploads\/2025\/04\/cropped-IMG_0300.jpg","contentUrl":"https:\/\/chloe-guidance-therapeutique.com\/wp-content\/uploads\/2025\/04\/cropped-IMG_0300.jpg","width":512,"height":512,"caption":"En Je - Chlo\u00e9 Philippe"},"image":{"@id":"https:\/\/chloe-guidance-therapeutique.com\/#\/schema\/logo\/image\/"},"sameAs":["https:\/\/www.instagram.com\/enje_chloephilippe?igsh=MmFwODVmYmZtZGVi&utm_source=qr"]}]}},"_links":{"self":[{"href":"https:\/\/chloe-guidance-therapeutique.com\/index.php?rest_route=\/wp\/v2\/pages\/203","targetHints":{"allow":["GET"]}}],"collection":[{"href":"https:\/\/chloe-guidance-therapeutique.com\/index.php?rest_route=\/wp\/v2\/pages"}],"about":[{"href":"https:\/\/chloe-guidance-therapeutique.com\/index.php?rest_route=\/wp\/v2\/types\/page"}],"author":[{"embeddable":true,"href":"https:\/\/chloe-guidance-therapeutique.com\/index.php?rest_route=\/wp\/v2\/users\/1"}],"replies":[{"embeddable":true,"href":"https:\/\/chloe-guidance-therapeutique.com\/index.php?rest_route=%2Fwp%2Fv2%2Fcomments&post=203"}],"version-history":[{"count":12,"href":"https:\/\/chloe-guidance-therapeutique.com\/index.php?rest_route=\/wp\/v2\/pages\/203\/revisions"}],"predecessor-version":[{"id":545,"href":"https:\/\/chloe-guidance-therapeutique.com\/index.php?rest_route=\/wp\/v2\/pages\/203\/revisions\/545"}],"wp:attachment":[{"href":"https:\/\/chloe-guidance-therapeutique.com\/index.php?rest_route=%2Fwp%2Fv2%2Fmedia&parent=203"}],"curies":[{"name":"wp","href":"https:\/\/api.w.org\/{rel}","templated":true}]}}