{"id":318,"date":"2025-04-22T18:53:02","date_gmt":"2025-04-22T16:53:02","guid":{"rendered":"http:\/\/chloe-guidance-therapeutique.com\/?page_id=318"},"modified":"2025-05-17T13:25:49","modified_gmt":"2025-05-17T11:25:49","slug":"legislation-rgpd","status":"publish","type":"page","link":"https:\/\/chloe-guidance-therapeutique.com\/?page_id=318","title":{"rendered":"L\u00e9gislation &amp; RGPD"},"content":{"rendered":"\n<p style=\"font-size:clamp(17.371px, 1.086rem + ((1vw - 3.2px) * 1.094), 27px);\"><strong>Mentions l\u00e9gales &amp; Politique de confidentialit\u00e9<\/strong><\/p>\n\n\n\n<p class=\"has-medium-font-size\"><strong><em>Mentions l\u00e9gales<\/em><\/strong><\/p>\n\n\n\n<div class=\"wp-block-group has-global-padding is-layout-constrained wp-block-group-is-layout-constrained\">\n<p class=\"has-medium-font-size\"><strong>\u00c9diteur du site<\/strong><br><strong>Nom &#8211; Pr\u00e9nom<\/strong>&nbsp;: Chlo\u00e9 Philippe<br><strong>Forme juridique<\/strong>&nbsp;: Entreprise Individuelle EI <br><strong>Enseigne<\/strong>&nbsp;: En Je &#8211; Chlo\u00e9 Philippe<br><strong>Adresse :<\/strong> Anglet, 64600 \u2013 France<br><strong>E-mail :<\/strong> voyonsnous.chloephilippe@gmail.com<br><strong>Responsable de la publication :<\/strong> Chlo\u00e9 Philippe <\/p>\n\n\n\n<p><strong>Siren<\/strong>&nbsp;: 944 167 873<br><strong>Siret<\/strong>&nbsp;: 94416787300016<br><\/p>\n\n\n\n<p style=\"font-size:clamp(14px, 0.875rem + ((1vw - 3.2px) * 0.682), 20px);\"><strong>H\u00e9bergement<\/strong><br><strong>Le site est h\u00e9berg\u00e9 par :<\/strong> OVH SAS<br><strong>Adresse du si\u00e8ge social : <\/strong>2 rue Kellermann \u2013 59100 Roubaix \u2013 France<br><strong>Contact : <\/strong>www.ovh.com <br><\/p>\n<\/div>\n\n\n\n<p class=\"has-medium-font-size\"><strong>Propri\u00e9t\u00e9 intellectuelle<\/strong><br>L\u2019ensemble des contenus pr\u00e9sents sur ce site (textes, visuels, illustrations, logos) est la propri\u00e9t\u00e9 exclusive de Chlo\u00e9 Philippe sous le <strong>\u00a9<\/strong>Les Jours Temp\u00eates.<br>Toute reproduction, repr\u00e9sentation, diffusion ou exploitation, m\u00eame partielle, est interdite sans l&rsquo;autorisation expresse de l&rsquo;autrice.<br><\/p>\n\n\n\n<p class=\"has-medium-font-size\"><strong><em>Politique de confidentialit\u00e9<\/em><\/strong><\/p>\n\n\n\n<p><strong>Collecte des donn\u00e9es personnelles<\/strong><br>Ce site utilise l\u2019outil Calendly pour la prise de rendez-vous. Lors de la r\u00e9servation, certaines donn\u00e9es personnelles peuvent \u00eatre collect\u00e9es (nom, pr\u00e9nom, adresse e-mail, num\u00e9ro de t\u00e9l\u00e9phone etc.). Ces informations sont utilis\u00e9es uniquement dans le cadre de la gestion des rendez-vous et ne sont jamais transmises \u00e0 des tiers.<br><\/p>\n\n\n\n<p><strong>Droits d\u2019acc\u00e8s et de suppression<\/strong><br>Conform\u00e9ment au R\u00e8glement G\u00e9n\u00e9ral sur la Protection des Donn\u00e9es (RGPD), vous disposez d\u2019un droit d\u2019acc\u00e8s, de rectification ou de suppression des donn\u00e9es vous concernant.<br>Pour exercer ce droit, vous pouvez me contacter \u00e0 : voyonsnous.chloephilippe@gmail.com<br><\/p>\n\n\n\n<p><strong>Cookies<\/strong><br>Ce site peut utiliser des cookies techniques \u00e0 des fins de bon fonctionnement. Aucune donn\u00e9e de navigation n\u2019est exploit\u00e9e \u00e0 des fins publicitaires ou de profilage.<br><\/p>\n\n\n\n<p class=\"has-medium-font-size\"><strong><em>M\u00e9diateur \u00e0 la consommation<\/em><\/strong><\/p>\n\n\n\n<p>Conform\u00e9ment \u00e0 l&rsquo;article L.612-1 du Code de la consommation, tout consommateur a le droit de recourir gratuitement \u00e0 un m\u00e9diateur de la consommation en vue de la r\u00e9solution amiable d\u2019un litige avec un professionnel.<br><br><strong>Informations du m\u00e9diateur  <\/strong><br>Nom du m\u00e9diateur : CM2C<br>Organisme de m\u00e9diation : Centre de la M\u00e9diation de la Consommation de Conciliateurs de Justice<br>E-mail : contact@cm2c.net<br>T\u00e9l\u00e9phone : 01 89 47 00 14<br>Adresse : 49 Rue de Ponthieu, 75008 Paris<br>Site Internet : www.cm2c.net<\/p>\n","protected":false},"excerpt":{"rendered":"<p>Mentions l\u00e9gales &amp; Politique de confidentialit\u00e9 Mentions l\u00e9gales \u00c9diteur du siteNom &#8211; Pr\u00e9nom&nbsp;: Chlo\u00e9 PhilippeForme juridique&nbsp;: Entreprise Individuelle EI Enseigne&nbsp;: En Je &#8211; Chlo\u00e9 PhilippeAdresse : Anglet, 64600 \u2013 FranceE-mail : voyonsnous.chloephilippe@gmail.comResponsable de la publication : Chlo\u00e9 Philippe Siren&nbsp;: 944 167 873Siret&nbsp;: 94416787300016 H\u00e9bergementLe site est h\u00e9berg\u00e9 par : OVH SASAdresse du si\u00e8ge social : [&hellip;]<\/p>\n","protected":false},"author":1,"featured_media":0,"parent":0,"menu_order":0,"comment_status":"closed","ping_status":"closed","template":"","meta":{"footnotes":""},"class_list":["post-318","page","type-page","status-publish","hentry"],"yoast_head":"<!-- This site is optimized with the Yoast SEO plugin v25.2 - https:\/\/yoast.com\/wordpress\/plugins\/seo\/ -->\n<title>L\u00e9gislation &amp; RGPD - En Je - Chlo\u00e9 Philippe<\/title>\n<meta name=\"robots\" content=\"index, follow, max-snippet:-1, max-image-preview:large, max-video-preview:-1\" \/>\n<link rel=\"canonical\" href=\"https:\/\/chloe-guidance-therapeutique.com\/?page_id=318\" \/>\n<meta property=\"og:locale\" content=\"fr_FR\" \/>\n<meta property=\"og:type\" content=\"article\" \/>\n<meta property=\"og:title\" content=\"L\u00e9gislation &amp; RGPD - En Je - Chlo\u00e9 Philippe\" \/>\n<meta property=\"og:description\" content=\"Mentions l\u00e9gales &amp; Politique de confidentialit\u00e9 Mentions l\u00e9gales \u00c9diteur du siteNom &#8211; Pr\u00e9nom&nbsp;: Chlo\u00e9 PhilippeForme juridique&nbsp;: Entreprise Individuelle EI Enseigne&nbsp;: En Je &#8211; Chlo\u00e9 PhilippeAdresse : Anglet, 64600 \u2013 FranceE-mail : voyonsnous.chloephilippe@gmail.comResponsable de la publication : Chlo\u00e9 Philippe Siren&nbsp;: 944 167 873Siret&nbsp;: 94416787300016 H\u00e9bergementLe site est h\u00e9berg\u00e9 par : OVH SASAdresse du si\u00e8ge social : [&hellip;]\" \/>\n<meta property=\"og:url\" content=\"https:\/\/chloe-guidance-therapeutique.com\/?page_id=318\" \/>\n<meta property=\"og:site_name\" content=\"En Je - Chlo\u00e9 Philippe\" \/>\n<meta property=\"article:modified_time\" content=\"2025-05-17T11:25:49+00:00\" \/>\n<meta property=\"og:image\" content=\"https:\/\/chloe-guidance-therapeutique.com\/wp-content\/uploads\/2025\/04\/cropped-IMG_0300.jpg\" \/>\n\t<meta property=\"og:image:width\" content=\"512\" \/>\n\t<meta property=\"og:image:height\" content=\"512\" \/>\n\t<meta property=\"og:image:type\" content=\"image\/jpeg\" \/>\n<meta name=\"twitter:card\" content=\"summary_large_image\" \/>\n<meta name=\"twitter:label1\" content=\"Dur\u00e9e de lecture estim\u00e9e\" \/>\n\t<meta name=\"twitter:data1\" content=\"2 minutes\" \/>\n<script type=\"application\/ld+json\" class=\"yoast-schema-graph\">{\"@context\":\"https:\/\/schema.org\",\"@graph\":[{\"@type\":\"WebPage\",\"@id\":\"https:\/\/chloe-guidance-therapeutique.com\/?page_id=318\",\"url\":\"https:\/\/chloe-guidance-therapeutique.com\/?page_id=318\",\"name\":\"L\u00e9gislation &amp; RGPD - En Je - Chlo\u00e9 Philippe\",\"isPartOf\":{\"@id\":\"https:\/\/chloe-guidance-therapeutique.com\/#website\"},\"datePublished\":\"2025-04-22T16:53:02+00:00\",\"dateModified\":\"2025-05-17T11:25:49+00:00\",\"breadcrumb\":{\"@id\":\"https:\/\/chloe-guidance-therapeutique.com\/?page_id=318#breadcrumb\"},\"inLanguage\":\"fr-FR\",\"potentialAction\":[{\"@type\":\"ReadAction\",\"target\":[\"https:\/\/chloe-guidance-therapeutique.com\/?page_id=318\"]}]},{\"@type\":\"BreadcrumbList\",\"@id\":\"https:\/\/chloe-guidance-therapeutique.com\/?page_id=318#breadcrumb\",\"itemListElement\":[{\"@type\":\"ListItem\",\"position\":1,\"name\":\"Accueil\",\"item\":\"https:\/\/chloe-guidance-therapeutique.com\/\"},{\"@type\":\"ListItem\",\"position\":2,\"name\":\"L\u00e9gislation &amp; RGPD\"}]},{\"@type\":\"WebSite\",\"@id\":\"https:\/\/chloe-guidance-therapeutique.com\/#website\",\"url\":\"https:\/\/chloe-guidance-therapeutique.com\/\",\"name\":\"www.chloe-guidance-therapeutique.com\",\"description\":\"Un site utilisant WordPress\",\"publisher\":{\"@id\":\"https:\/\/chloe-guidance-therapeutique.com\/#organization\"},\"alternateName\":\"En Je - Chlo\u00e9 Philippe\",\"potentialAction\":[{\"@type\":\"SearchAction\",\"target\":{\"@type\":\"EntryPoint\",\"urlTemplate\":\"https:\/\/chloe-guidance-therapeutique.com\/?s={search_term_string}\"},\"query-input\":{\"@type\":\"PropertyValueSpecification\",\"valueRequired\":true,\"valueName\":\"search_term_string\"}}],\"inLanguage\":\"fr-FR\"},{\"@type\":\"Organization\",\"@id\":\"https:\/\/chloe-guidance-therapeutique.com\/#organization\",\"name\":\"En Je - Chlo\u00e9 Philippe\",\"url\":\"https:\/\/chloe-guidance-therapeutique.com\/\",\"logo\":{\"@type\":\"ImageObject\",\"inLanguage\":\"fr-FR\",\"@id\":\"https:\/\/chloe-guidance-therapeutique.com\/#\/schema\/logo\/image\/\",\"url\":\"https:\/\/chloe-guidance-therapeutique.com\/wp-content\/uploads\/2025\/04\/cropped-IMG_0300.jpg\",\"contentUrl\":\"https:\/\/chloe-guidance-therapeutique.com\/wp-content\/uploads\/2025\/04\/cropped-IMG_0300.jpg\",\"width\":512,\"height\":512,\"caption\":\"En Je - Chlo\u00e9 Philippe\"},\"image\":{\"@id\":\"https:\/\/chloe-guidance-therapeutique.com\/#\/schema\/logo\/image\/\"},\"sameAs\":[\"https:\/\/www.instagram.com\/enje_chloephilippe?igsh=MmFwODVmYmZtZGVi&utm_source=qr\"]}]}<\/script>\n<!-- \/ Yoast SEO plugin. -->","yoast_head_json":{"title":"L\u00e9gislation &amp; RGPD - En Je - Chlo\u00e9 Philippe","robots":{"index":"index","follow":"follow","max-snippet":"max-snippet:-1","max-image-preview":"max-image-preview:large","max-video-preview":"max-video-preview:-1"},"canonical":"https:\/\/chloe-guidance-therapeutique.com\/?page_id=318","og_locale":"fr_FR","og_type":"article","og_title":"L\u00e9gislation &amp; RGPD - En Je - Chlo\u00e9 Philippe","og_description":"Mentions l\u00e9gales &amp; Politique de confidentialit\u00e9 Mentions l\u00e9gales \u00c9diteur du siteNom &#8211; Pr\u00e9nom&nbsp;: Chlo\u00e9 PhilippeForme juridique&nbsp;: Entreprise Individuelle EI Enseigne&nbsp;: En Je &#8211; Chlo\u00e9 PhilippeAdresse : Anglet, 64600 \u2013 FranceE-mail : voyonsnous.chloephilippe@gmail.comResponsable de la publication : Chlo\u00e9 Philippe Siren&nbsp;: 944 167 873Siret&nbsp;: 94416787300016 H\u00e9bergementLe site est h\u00e9berg\u00e9 par : OVH SASAdresse du si\u00e8ge social : [&hellip;]","og_url":"https:\/\/chloe-guidance-therapeutique.com\/?page_id=318","og_site_name":"En Je - Chlo\u00e9 Philippe","article_modified_time":"2025-05-17T11:25:49+00:00","og_image":[{"width":512,"height":512,"url":"https:\/\/chloe-guidance-therapeutique.com\/wp-content\/uploads\/2025\/04\/cropped-IMG_0300.jpg","type":"image\/jpeg"}],"twitter_card":"summary_large_image","twitter_misc":{"Dur\u00e9e de lecture estim\u00e9e":"2 minutes"},"schema":{"@context":"https:\/\/schema.org","@graph":[{"@type":"WebPage","@id":"https:\/\/chloe-guidance-therapeutique.com\/?page_id=318","url":"https:\/\/chloe-guidance-therapeutique.com\/?page_id=318","name":"L\u00e9gislation &amp; RGPD - En Je - Chlo\u00e9 Philippe","isPartOf":{"@id":"https:\/\/chloe-guidance-therapeutique.com\/#website"},"datePublished":"2025-04-22T16:53:02+00:00","dateModified":"2025-05-17T11:25:49+00:00","breadcrumb":{"@id":"https:\/\/chloe-guidance-therapeutique.com\/?page_id=318#breadcrumb"},"inLanguage":"fr-FR","potentialAction":[{"@type":"ReadAction","target":["https:\/\/chloe-guidance-therapeutique.com\/?page_id=318"]}]},{"@type":"BreadcrumbList","@id":"https:\/\/chloe-guidance-therapeutique.com\/?page_id=318#breadcrumb","itemListElement":[{"@type":"ListItem","position":1,"name":"Accueil","item":"https:\/\/chloe-guidance-therapeutique.com\/"},{"@type":"ListItem","position":2,"name":"L\u00e9gislation &amp; RGPD"}]},{"@type":"WebSite","@id":"https:\/\/chloe-guidance-therapeutique.com\/#website","url":"https:\/\/chloe-guidance-therapeutique.com\/","name":"www.chloe-guidance-therapeutique.com","description":"Un site utilisant WordPress","publisher":{"@id":"https:\/\/chloe-guidance-therapeutique.com\/#organization"},"alternateName":"En Je - Chlo\u00e9 Philippe","potentialAction":[{"@type":"SearchAction","target":{"@type":"EntryPoint","urlTemplate":"https:\/\/chloe-guidance-therapeutique.com\/?s={search_term_string}"},"query-input":{"@type":"PropertyValueSpecification","valueRequired":true,"valueName":"search_term_string"}}],"inLanguage":"fr-FR"},{"@type":"Organization","@id":"https:\/\/chloe-guidance-therapeutique.com\/#organization","name":"En Je - Chlo\u00e9 Philippe","url":"https:\/\/chloe-guidance-therapeutique.com\/","logo":{"@type":"ImageObject","inLanguage":"fr-FR","@id":"https:\/\/chloe-guidance-therapeutique.com\/#\/schema\/logo\/image\/","url":"https:\/\/chloe-guidance-therapeutique.com\/wp-content\/uploads\/2025\/04\/cropped-IMG_0300.jpg","contentUrl":"https:\/\/chloe-guidance-therapeutique.com\/wp-content\/uploads\/2025\/04\/cropped-IMG_0300.jpg","width":512,"height":512,"caption":"En Je - Chlo\u00e9 Philippe"},"image":{"@id":"https:\/\/chloe-guidance-therapeutique.com\/#\/schema\/logo\/image\/"},"sameAs":["https:\/\/www.instagram.com\/enje_chloephilippe?igsh=MmFwODVmYmZtZGVi&utm_source=qr"]}]}},"_links":{"self":[{"href":"https:\/\/chloe-guidance-therapeutique.com\/index.php?rest_route=\/wp\/v2\/pages\/318","targetHints":{"allow":["GET"]}}],"collection":[{"href":"https:\/\/chloe-guidance-therapeutique.com\/index.php?rest_route=\/wp\/v2\/pages"}],"about":[{"href":"https:\/\/chloe-guidance-therapeutique.com\/index.php?rest_route=\/wp\/v2\/types\/page"}],"author":[{"embeddable":true,"href":"https:\/\/chloe-guidance-therapeutique.com\/index.php?rest_route=\/wp\/v2\/users\/1"}],"replies":[{"embeddable":true,"href":"https:\/\/chloe-guidance-therapeutique.com\/index.php?rest_route=%2Fwp%2Fv2%2Fcomments&post=318"}],"version-history":[{"count":6,"href":"https:\/\/chloe-guidance-therapeutique.com\/index.php?rest_route=\/wp\/v2\/pages\/318\/revisions"}],"predecessor-version":[{"id":463,"href":"https:\/\/chloe-guidance-therapeutique.com\/index.php?rest_route=\/wp\/v2\/pages\/318\/revisions\/463"}],"wp:attachment":[{"href":"https:\/\/chloe-guidance-therapeutique.com\/index.php?rest_route=%2Fwp%2Fv2%2Fmedia&parent=318"}],"curies":[{"name":"wp","href":"https:\/\/api.w.org\/{rel}","templated":true}]}}