{"id":42,"date":"2025-03-30T15:50:50","date_gmt":"2025-03-30T13:50:50","guid":{"rendered":"http:\/\/chloe-guidance-therapeutique.com\/?page_id=42"},"modified":"2025-06-04T13:18:55","modified_gmt":"2025-06-04T11:18:55","slug":"reservations-tarifs-reservez-votre-seance-de-soins","status":"publish","type":"page","link":"https:\/\/chloe-guidance-therapeutique.com\/?page_id=42","title":{"rendered":"R\u00e9servations &amp; Tarifs"},"content":{"rendered":"\n<div class=\"wp-block-cover alignfull is-light\" style=\"padding-top:2%;min-height:30rem;aspect-ratio:unset;\"><img loading=\"lazy\" decoding=\"async\" width=\"1640\" height=\"2360\" class=\"wp-block-cover__image-background wp-image-141\" alt=\"R\u00e9servez votre s\u00e9ance de soins intuitifs \u00e0 distance.\" src=\"https:\/\/chloe-guidance-therapeutique.com\/wp-content\/uploads\/2025\/04\/IMG_0260.png\" style=\"object-position:27% 46%\" data-object-fit=\"cover\" data-object-position=\"27% 46%\" srcset=\"https:\/\/chloe-guidance-therapeutique.com\/wp-content\/uploads\/2025\/04\/IMG_0260.png 1640w, https:\/\/chloe-guidance-therapeutique.com\/wp-content\/uploads\/2025\/04\/IMG_0260-208x300.png 208w, https:\/\/chloe-guidance-therapeutique.com\/wp-content\/uploads\/2025\/04\/IMG_0260-712x1024.png 712w, https:\/\/chloe-guidance-therapeutique.com\/wp-content\/uploads\/2025\/04\/IMG_0260-768x1105.png 768w, https:\/\/chloe-guidance-therapeutique.com\/wp-content\/uploads\/2025\/04\/IMG_0260-1067x1536.png 1067w, https:\/\/chloe-guidance-therapeutique.com\/wp-content\/uploads\/2025\/04\/IMG_0260-1423x2048.png 1423w\" sizes=\"auto, (max-width: 1640px) 100vw, 1640px\" \/><span aria-hidden=\"true\" class=\"wp-block-cover__background has-white-background-color has-background-dim\"><\/span><div class=\"wp-block-cover__inner-container has-global-padding is-layout-constrained wp-container-core-cover-is-layout-ee51f2d2 wp-block-cover-is-layout-constrained\">\n<div class=\"wp-block-group alignwide is-vertical is-content-justification-center is-layout-flex wp-container-core-group-is-layout-5e763914 wp-block-group-is-layout-flex\" style=\"min-height:8rem\">\n<div class=\"wp-block-group has-global-padding is-layout-constrained wp-container-core-group-is-layout-bea02a06 wp-block-group-is-layout-constrained\">\n<h1 class=\"wp-block-heading has-text-align-center has-text-color\" style=\"color:#4161538f;margin-top:0rem;margin-bottom:1.01rem;font-size:clamp(2.071rem, 2.071rem + ((1vw - 0.2rem) * 2.98), 3.71rem);font-style:normal;font-weight:400;line-height:1;text-transform:capitalize\">R\u00e9servations &amp; tarifs<\/h1>\n<\/div>\n<\/div>\n<\/div><\/div>\n\n\n\n<section class=\"wp-block-group alignfull has-text-color has-global-padding is-layout-constrained wp-container-core-group-is-layout-4252d6ba wp-block-group-is-layout-constrained\" style=\"color:#03081e;margin-top:0px;padding-top:6.51rem;padding-right:1rem;padding-bottom:5.5rem;padding-left:1rem;font-size:clamp(0.875rem, 0.875rem + ((1vw - 0.2rem) * 0.464), 1.13rem);font-style:normal;font-weight:400;line-height:1.4\">\n<div class=\"wp-block-columns is-layout-flex wp-container-core-columns-is-layout-db2df21c wp-block-columns-is-layout-flex\" style=\"margin-bottom:0px\">\n<div class=\"wp-block-column has-large-font-size has-global-padding is-content-justification-left is-layout-constrained wp-container-core-column-is-layout-12dd3699 wp-block-column-is-layout-constrained\" style=\"flex-basis:45%\">\n<figure class=\"wp-block-image aligncenter size-full has-custom-border\"><a href=\"https:\/\/chloe-guidance-therapeutique.com\/\"><img loading=\"lazy\" decoding=\"async\" width=\"1323\" height=\"1806\" src=\"https:\/\/chloe-guidance-therapeutique.com\/wp-content\/uploads\/2025\/04\/IMG_0245-3.png\" alt=\"R\u00e9servez votre s\u00e9ance de soins intuitifs \" class=\"has-border-color wp-image-210\" style=\"border-color:#69bd99cf;border-width:2px;border-radius:15px\" srcset=\"https:\/\/chloe-guidance-therapeutique.com\/wp-content\/uploads\/2025\/04\/IMG_0245-3.png 1323w, https:\/\/chloe-guidance-therapeutique.com\/wp-content\/uploads\/2025\/04\/IMG_0245-3-220x300.png 220w, https:\/\/chloe-guidance-therapeutique.com\/wp-content\/uploads\/2025\/04\/IMG_0245-3-750x1024.png 750w, https:\/\/chloe-guidance-therapeutique.com\/wp-content\/uploads\/2025\/04\/IMG_0245-3-768x1048.png 768w, https:\/\/chloe-guidance-therapeutique.com\/wp-content\/uploads\/2025\/04\/IMG_0245-3-1125x1536.png 1125w\" sizes=\"auto, (max-width: 1323px) 100vw, 1323px\" \/><\/a><\/figure>\n<\/div>\n\n\n\n<div class=\"wp-block-column is-layout-flow wp-block-column-is-layout-flow\">\n<div class=\"wp-block-group is-vertical is-content-justification-left is-layout-flex wp-container-core-group-is-layout-c5d44cae wp-block-group-is-layout-flex\" style=\"min-height:100%\">\n<div class=\"wp-block-group has-global-padding is-content-justification-center is-layout-constrained wp-container-core-group-is-layout-b15c80d6 wp-block-group-is-layout-constrained\">\n<h2 class=\"wp-block-heading has-text-align-left has-text-color\" style=\"color:#69bd99cf;margin-top:0.5rem;margin-bottom:1.01rem;font-size:clamp(1.556rem, 1.556rem + ((1vw - 0.2rem) * 1.916), 2.61rem);font-style:normal;font-weight:500;letter-spacing:0px;line-height:1.3;text-transform:capitalize\">O\u00f9 que vous soyez &amp; qui que vous soyez<\/h2>\n\n\n\n<p><strong>R\u00e9servez votre s\u00e9ance de soins intuitifs<\/strong> \u00e0 distance.<\/p>\n\n\n\n<p>Offrez-vous un espace pour vous reconnecter \u00e0 vous-m\u00eame, dans un cadre s\u00e9curisant et soutenant.<\/p>\n\n\n\n<p>Toutes les s\u00e9ances sont propos\u00e9es en visio, via un lien transmis automatiquement lors de la r\u00e9servation en ligne.<\/p>\n\n\n\n<p class=\"has-text-align-left has-text-color\" style=\"color:#03081e;margin-top:0rem;font-size:clamp(0.875rem, 0.875rem + ((1vw - 0.2rem) * 0.609), 1.21rem);font-style:normal;font-weight:400;line-height:1.6\">Chaque accompagnement est pens\u00e9 pour vous permettre d\u2019avancer \u00e0 votre rythme, en conscience et en douceur.<\/p>\n\n\n\n<h3 class=\"wp-block-heading has-large-font-size\">Tarifs<\/h3>\n\n\n\n<div class=\"wp-block-columns is-layout-flex wp-container-core-columns-is-layout-28f84493 wp-block-columns-is-layout-flex\">\n<div class=\"wp-block-column is-layout-flow wp-block-column-is-layout-flow\" style=\"flex-basis:100%\">\n<figure class=\"wp-block-image size-large\"><img loading=\"lazy\" decoding=\"async\" width=\"1024\" height=\"251\" src=\"https:\/\/chloe-guidance-therapeutique.com\/wp-content\/uploads\/2025\/04\/Capture-decran-2025-04-22-a-15.29.51-1024x251.png\" alt=\"\" class=\"wp-image-286\" srcset=\"https:\/\/chloe-guidance-therapeutique.com\/wp-content\/uploads\/2025\/04\/Capture-decran-2025-04-22-a-15.29.51-1024x251.png 1024w, https:\/\/chloe-guidance-therapeutique.com\/wp-content\/uploads\/2025\/04\/Capture-decran-2025-04-22-a-15.29.51-300x74.png 300w, https:\/\/chloe-guidance-therapeutique.com\/wp-content\/uploads\/2025\/04\/Capture-decran-2025-04-22-a-15.29.51-768x188.png 768w, https:\/\/chloe-guidance-therapeutique.com\/wp-content\/uploads\/2025\/04\/Capture-decran-2025-04-22-a-15.29.51-1536x377.png 1536w, https:\/\/chloe-guidance-therapeutique.com\/wp-content\/uploads\/2025\/04\/Capture-decran-2025-04-22-a-15.29.51-2048x502.png 2048w\" sizes=\"auto, (max-width: 1024px) 100vw, 1024px\" \/><\/figure>\n<\/div>\n<\/div>\n\n\n\n<h3 class=\"wp-block-heading has-large-font-size\">R\u00e9server une s\u00e9ance<\/h3>\n\n\n\n<p>La prise de rendez-vous se fait directement en ligne via mon lien Calendly ci-dessous :<\/p>\n\n\n\n<div class=\"wp-block-buttons is-layout-flex wp-block-buttons-is-layout-flex\">\n<div class=\"wp-block-button has-custom-width wp-block-button__width-100 is-style-fill\"><a class=\"wp-block-button__link has-text-color has-background has-link-color has-medium-font-size has-custom-font-size wp-element-button\" href=\"https:\/\/calendly.com\/voyonsnous-chloephilippe\/rdv-guidance-therapeutique\" style=\"border-width:63px;border-radius:37px;color:#000000;background-color:#69bd99cf;padding-top:var(--wp--preset--spacing--30);padding-right:var(--wp--preset--spacing--30);padding-bottom:var(--wp--preset--spacing--30);padding-left:var(--wp--preset--spacing--30)\" target=\"_blank\" rel=\"noreferrer noopener\">R\u00e9servez votre s\u00e9ance<\/a><\/div>\n<\/div>\n\n\n\n<p>Pour toute question ou demande d\u2019information compl\u00e9mentaire, je suis joignable par mail \u00e0 l\u2019adresse :<\/p>\n\n\n\n<p><a href=\"mailto:voyonsnous.chloephilippe@gmail.com\" target=\"_blank\" rel=\"noreferrer noopener\">voyonsnous.chloephilippe@gmail.com<\/a><\/p>\n\n\n\n<p>Contactez-moi et <strong>r\u00e9servez votre s\u00e9ance de soins intuitifs<\/strong> d\u00e8s maintenant !<\/p>\n\n\n\n<figure class=\"wp-block-image size-full\"><img loading=\"lazy\" decoding=\"async\" width=\"1536\" height=\"1024\" src=\"https:\/\/chloe-guidance-therapeutique.com\/wp-content\/uploads\/2025\/04\/A7FD63B9-06CF-4CDC-8AE3-813EA42B51C4.png\" alt=\"\" class=\"wp-image-284\" srcset=\"https:\/\/chloe-guidance-therapeutique.com\/wp-content\/uploads\/2025\/04\/A7FD63B9-06CF-4CDC-8AE3-813EA42B51C4.png 1536w, https:\/\/chloe-guidance-therapeutique.com\/wp-content\/uploads\/2025\/04\/A7FD63B9-06CF-4CDC-8AE3-813EA42B51C4-300x200.png 300w, https:\/\/chloe-guidance-therapeutique.com\/wp-content\/uploads\/2025\/04\/A7FD63B9-06CF-4CDC-8AE3-813EA42B51C4-1024x683.png 1024w\" sizes=\"auto, (max-width: 1536px) 100vw, 1536px\" \/><\/figure>\n<\/div>\n<\/div>\n<\/div>\n<\/div>\n<\/section>\n\n\n\n<section class=\"wp-block-cover alignfull is-light\" style=\"margin-top:0px;padding-bottom:13.51rem;min-height:620px;aspect-ratio:unset;\"><img loading=\"lazy\" decoding=\"async\" width=\"1640\" height=\"2360\" class=\"wp-block-cover__image-background wp-image-142\" alt=\"\" src=\"https:\/\/chloe-guidance-therapeutique.com\/wp-content\/uploads\/2025\/04\/IMG_0260-1.png\" style=\"object-position:59% 76%\" data-object-fit=\"cover\" data-object-position=\"59% 76%\" srcset=\"https:\/\/chloe-guidance-therapeutique.com\/wp-content\/uploads\/2025\/04\/IMG_0260-1.png 1640w, https:\/\/chloe-guidance-therapeutique.com\/wp-content\/uploads\/2025\/04\/IMG_0260-1-208x300.png 208w, https:\/\/chloe-guidance-therapeutique.com\/wp-content\/uploads\/2025\/04\/IMG_0260-1-712x1024.png 712w, https:\/\/chloe-guidance-therapeutique.com\/wp-content\/uploads\/2025\/04\/IMG_0260-1-768x1105.png 768w, https:\/\/chloe-guidance-therapeutique.com\/wp-content\/uploads\/2025\/04\/IMG_0260-1-1067x1536.png 1067w, https:\/\/chloe-guidance-therapeutique.com\/wp-content\/uploads\/2025\/04\/IMG_0260-1-1423x2048.png 1423w\" sizes=\"auto, (max-width: 1640px) 100vw, 1640px\" \/><span aria-hidden=\"true\" class=\"wp-block-cover__background has-background-dim-30 has-background-dim\" style=\"background-color:#f8f9f7\"><\/span><div class=\"wp-block-cover__inner-container has-global-padding is-layout-constrained wp-container-core-cover-is-layout-14880c13 wp-block-cover-is-layout-constrained\">\n<div class=\"wp-block-group alignfull has-text-color has-global-padding is-layout-constrained wp-container-core-group-is-layout-6f61d7e7 wp-block-group-is-layout-constrained\" style=\"color:#252525;margin-top:0px;padding-top:0rem;padding-right:1rem;padding-bottom:0rem;padding-left:1rem;font-size:clamp(0.875rem, 0.875rem + ((1vw - 0.2rem) * 0.464), 1.13rem);font-style:normal;font-weight:400;line-height:1.4\">\n<div class=\"wp-block-group has-background has-global-padding is-layout-constrained wp-container-core-group-is-layout-cb423028 wp-block-group-is-layout-constrained\" style=\"background-color:#ffffffa6;margin-top:var(--wp--preset--spacing--20);margin-bottom:var(--wp--preset--spacing--20);padding-top:var(--wp--preset--spacing--50);padding-bottom:var(--wp--preset--spacing--50);box-shadow:6px 6px 9px rgba(0, 0, 0, 0.2)\">\n<h4 class=\"wp-block-heading has-text-align-center has-text-color\" style=\"color:#4161538f;margin-bottom:1.11rem;font-size:clamp(1.556rem, 1.556rem + ((1vw - 0.2rem) * 1.916), 2.61rem);font-style:normal;font-weight:500;line-height:1.2;text-transform:capitalize\">Voyons-nous <\/h4>\n\n\n\n<p class=\"has-text-align-center has-text-color\" style=\"color:#03081e;margin-top:0rem;font-size:px;line-height:1.5\">Prendre soin de soi commence par une rencontre. Prenez rendez-vous et r\u00e9servez votre s\u00e9ance en ligne. Je vous attends en toute simplicit\u00e9 et avec bienveillance pour vous accompagner.<\/p>\n\n\n\n<div class=\"wp-block-group is-vertical is-content-justification-stretch is-layout-flex wp-container-core-group-is-layout-be82aac6 wp-block-group-is-layout-flex\" style=\"margin-top:0rem;padding-right:0px;padding-left:0px\">\n<div class=\"wp-block-group has-global-padding is-content-justification-center is-layout-constrained wp-container-core-group-is-layout-0638dde4 wp-block-group-is-layout-constrained\" style=\"margin-top:0px\">\n<div class=\"wp-block-buttons is-horizontal is-content-justification-right is-layout-flex wp-container-core-buttons-is-layout-1b0e492f wp-block-buttons-is-layout-flex\" style=\"margin-top:2.21rem\">\n<div class=\"wp-block-button has-custom-width wp-block-button__width-100\"><a class=\"wp-block-button__link has-text-color has-background has-link-color has-medium-font-size has-custom-font-size wp-element-button\" href=\"https:\/\/calendly.com\/voyonsnous-chloephilippe\/rdv-guidance-therapeutique\" style=\"border-radius:15px;color:#090909;background-color:#69bd99cf;padding-top:var(--wp--preset--spacing--40);padding-right:0;padding-bottom:var(--wp--preset--spacing--40);padding-left:0;box-shadow:6px 6px 0px rgba(0, 0, 0, 0.2)\" target=\"_blank\" rel=\"noreferrer noopener\">R\u00e9server votre s\u00e9ance<\/a><\/div>\n<\/div>\n<\/div>\n<\/div>\n<\/div>\n<\/div>\n<\/div><\/section>\n","protected":false},"excerpt":{"rendered":"<p>O\u00f9 que vous soyez &amp; qui que vous soyez R\u00e9servez votre s\u00e9ance de soins intuitifs \u00e0 distance. Offrez-vous un espace pour vous reconnecter \u00e0 vous-m\u00eame, dans un cadre s\u00e9curisant et soutenant. Toutes les s\u00e9ances sont propos\u00e9es en visio, via un lien transmis automatiquement lors de la r\u00e9servation en ligne. Chaque accompagnement est pens\u00e9 pour vous [&hellip;]<\/p>\n","protected":false},"author":1,"featured_media":0,"parent":0,"menu_order":0,"comment_status":"closed","ping_status":"closed","template":"","meta":{"footnotes":""},"class_list":["post-42","page","type-page","status-publish","hentry"],"yoast_head":"<!-- This site is optimized with the Yoast SEO plugin v25.2 - https:\/\/yoast.com\/wordpress\/plugins\/seo\/ -->\n<title>R\u00e9servations &amp; Tarifs - R\u00e9servez votre s\u00e9ance de soins intuitifs<\/title>\n<meta name=\"description\" content=\"D\u00e9couvrez les tarifs et r\u00e9servez votre s\u00e9ance de soins intuitifs \u00e0 distance avec Chlo\u00e9 Philippe. Guidance et accompagnement cr\u00e9atif.\" \/>\n<meta name=\"robots\" content=\"index, follow, max-snippet:-1, max-image-preview:large, max-video-preview:-1\" \/>\n<link rel=\"canonical\" href=\"https:\/\/chloe-guidance-therapeutique.com\/?page_id=42\" \/>\n<meta property=\"og:locale\" content=\"fr_FR\" \/>\n<meta property=\"og:type\" content=\"article\" \/>\n<meta property=\"og:title\" content=\"R\u00e9servez votre s\u00e9ance de soins intuitifs\" \/>\n<meta property=\"og:description\" content=\"D\u00e9couvrez les tarifs et r\u00e9servez votre s\u00e9ance de soins intuitifs \u00e0 distance avec Chlo\u00e9 Philippe. Guidance et accompagnement cr\u00e9atif.\" \/>\n<meta property=\"og:url\" content=\"https:\/\/chloe-guidance-therapeutique.com\/?page_id=42\" \/>\n<meta property=\"og:site_name\" content=\"En Je - Chlo\u00e9 Philippe\" \/>\n<meta property=\"article:modified_time\" content=\"2025-06-04T11:18:55+00:00\" \/>\n<meta property=\"og:image\" content=\"https:\/\/chloe-guidance-therapeutique.com\/wp-content\/uploads\/2025\/04\/IMG_0079.jpeg\" \/>\n\t<meta property=\"og:image:width\" content=\"1323\" \/>\n\t<meta property=\"og:image:height\" content=\"1806\" \/>\n\t<meta property=\"og:image:type\" content=\"image\/jpeg\" \/>\n<meta name=\"twitter:card\" content=\"summary_large_image\" \/>\n<meta name=\"twitter:image\" content=\"https:\/\/chloe-guidance-therapeutique.com\/wp-content\/uploads\/2025\/04\/IMG_0079.jpeg\" \/>\n<meta name=\"twitter:label1\" content=\"Dur\u00e9e de lecture estim\u00e9e\" \/>\n\t<meta name=\"twitter:data1\" content=\"2 minutes\" \/>\n<script type=\"application\/ld+json\" class=\"yoast-schema-graph\">{\"@context\":\"https:\/\/schema.org\",\"@graph\":[{\"@type\":\"WebPage\",\"@id\":\"https:\/\/chloe-guidance-therapeutique.com\/?page_id=42\",\"url\":\"https:\/\/chloe-guidance-therapeutique.com\/?page_id=42\",\"name\":\"R\u00e9servations &amp; Tarifs - R\u00e9servez votre s\u00e9ance de soins intuitifs\",\"isPartOf\":{\"@id\":\"https:\/\/chloe-guidance-therapeutique.com\/#website\"},\"primaryImageOfPage\":{\"@id\":\"https:\/\/chloe-guidance-therapeutique.com\/?page_id=42#primaryimage\"},\"image\":{\"@id\":\"https:\/\/chloe-guidance-therapeutique.com\/?page_id=42#primaryimage\"},\"thumbnailUrl\":\"http:\/\/chloe-guidance-therapeutique.com\/wp-content\/uploads\/2025\/04\/IMG_0260.png\",\"datePublished\":\"2025-03-30T13:50:50+00:00\",\"dateModified\":\"2025-06-04T11:18:55+00:00\",\"description\":\"D\u00e9couvrez les tarifs et r\u00e9servez votre s\u00e9ance de soins intuitifs \u00e0 distance avec Chlo\u00e9 Philippe. Guidance et accompagnement cr\u00e9atif.\",\"breadcrumb\":{\"@id\":\"https:\/\/chloe-guidance-therapeutique.com\/?page_id=42#breadcrumb\"},\"inLanguage\":\"fr-FR\",\"potentialAction\":[{\"@type\":\"ReadAction\",\"target\":[\"https:\/\/chloe-guidance-therapeutique.com\/?page_id=42\"]}]},{\"@type\":\"ImageObject\",\"inLanguage\":\"fr-FR\",\"@id\":\"https:\/\/chloe-guidance-therapeutique.com\/?page_id=42#primaryimage\",\"url\":\"http:\/\/chloe-guidance-therapeutique.com\/wp-content\/uploads\/2025\/04\/IMG_0260.png\",\"contentUrl\":\"http:\/\/chloe-guidance-therapeutique.com\/wp-content\/uploads\/2025\/04\/IMG_0260.png\"},{\"@type\":\"BreadcrumbList\",\"@id\":\"https:\/\/chloe-guidance-therapeutique.com\/?page_id=42#breadcrumb\",\"itemListElement\":[{\"@type\":\"ListItem\",\"position\":1,\"name\":\"Accueil\",\"item\":\"https:\/\/chloe-guidance-therapeutique.com\/\"},{\"@type\":\"ListItem\",\"position\":2,\"name\":\"R\u00e9servations &amp; Tarifs\"}]},{\"@type\":\"WebSite\",\"@id\":\"https:\/\/chloe-guidance-therapeutique.com\/#website\",\"url\":\"https:\/\/chloe-guidance-therapeutique.com\/\",\"name\":\"www.chloe-guidance-therapeutique.com\",\"description\":\"Un site utilisant WordPress\",\"publisher\":{\"@id\":\"https:\/\/chloe-guidance-therapeutique.com\/#organization\"},\"alternateName\":\"En Je - Chlo\u00e9 Philippe\",\"potentialAction\":[{\"@type\":\"SearchAction\",\"target\":{\"@type\":\"EntryPoint\",\"urlTemplate\":\"https:\/\/chloe-guidance-therapeutique.com\/?s={search_term_string}\"},\"query-input\":{\"@type\":\"PropertyValueSpecification\",\"valueRequired\":true,\"valueName\":\"search_term_string\"}}],\"inLanguage\":\"fr-FR\"},{\"@type\":\"Organization\",\"@id\":\"https:\/\/chloe-guidance-therapeutique.com\/#organization\",\"name\":\"En Je - Chlo\u00e9 Philippe\",\"url\":\"https:\/\/chloe-guidance-therapeutique.com\/\",\"logo\":{\"@type\":\"ImageObject\",\"inLanguage\":\"fr-FR\",\"@id\":\"https:\/\/chloe-guidance-therapeutique.com\/#\/schema\/logo\/image\/\",\"url\":\"https:\/\/chloe-guidance-therapeutique.com\/wp-content\/uploads\/2025\/04\/cropped-IMG_0300.jpg\",\"contentUrl\":\"https:\/\/chloe-guidance-therapeutique.com\/wp-content\/uploads\/2025\/04\/cropped-IMG_0300.jpg\",\"width\":512,\"height\":512,\"caption\":\"En Je - Chlo\u00e9 Philippe\"},\"image\":{\"@id\":\"https:\/\/chloe-guidance-therapeutique.com\/#\/schema\/logo\/image\/\"},\"sameAs\":[\"https:\/\/www.instagram.com\/enje_chloephilippe?igsh=MmFwODVmYmZtZGVi&utm_source=qr\"]}]}<\/script>\n<!-- \/ Yoast SEO plugin. -->","yoast_head_json":{"title":"R\u00e9servations &amp; Tarifs - R\u00e9servez votre s\u00e9ance de soins intuitifs","description":"D\u00e9couvrez les tarifs et r\u00e9servez votre s\u00e9ance de soins intuitifs \u00e0 distance avec Chlo\u00e9 Philippe. Guidance et accompagnement cr\u00e9atif.","robots":{"index":"index","follow":"follow","max-snippet":"max-snippet:-1","max-image-preview":"max-image-preview:large","max-video-preview":"max-video-preview:-1"},"canonical":"https:\/\/chloe-guidance-therapeutique.com\/?page_id=42","og_locale":"fr_FR","og_type":"article","og_title":"R\u00e9servez votre s\u00e9ance de soins intuitifs","og_description":"D\u00e9couvrez les tarifs et r\u00e9servez votre s\u00e9ance de soins intuitifs \u00e0 distance avec Chlo\u00e9 Philippe. Guidance et accompagnement cr\u00e9atif.","og_url":"https:\/\/chloe-guidance-therapeutique.com\/?page_id=42","og_site_name":"En Je - Chlo\u00e9 Philippe","article_modified_time":"2025-06-04T11:18:55+00:00","og_image":[{"width":1323,"height":1806,"url":"https:\/\/chloe-guidance-therapeutique.com\/wp-content\/uploads\/2025\/04\/IMG_0079.jpeg","type":"image\/jpeg"}],"twitter_card":"summary_large_image","twitter_image":"https:\/\/chloe-guidance-therapeutique.com\/wp-content\/uploads\/2025\/04\/IMG_0079.jpeg","twitter_misc":{"Dur\u00e9e de lecture estim\u00e9e":"2 minutes"},"schema":{"@context":"https:\/\/schema.org","@graph":[{"@type":"WebPage","@id":"https:\/\/chloe-guidance-therapeutique.com\/?page_id=42","url":"https:\/\/chloe-guidance-therapeutique.com\/?page_id=42","name":"R\u00e9servations &amp; Tarifs - R\u00e9servez votre s\u00e9ance de soins intuitifs","isPartOf":{"@id":"https:\/\/chloe-guidance-therapeutique.com\/#website"},"primaryImageOfPage":{"@id":"https:\/\/chloe-guidance-therapeutique.com\/?page_id=42#primaryimage"},"image":{"@id":"https:\/\/chloe-guidance-therapeutique.com\/?page_id=42#primaryimage"},"thumbnailUrl":"http:\/\/chloe-guidance-therapeutique.com\/wp-content\/uploads\/2025\/04\/IMG_0260.png","datePublished":"2025-03-30T13:50:50+00:00","dateModified":"2025-06-04T11:18:55+00:00","description":"D\u00e9couvrez les tarifs et r\u00e9servez votre s\u00e9ance de soins intuitifs \u00e0 distance avec Chlo\u00e9 Philippe. Guidance et accompagnement cr\u00e9atif.","breadcrumb":{"@id":"https:\/\/chloe-guidance-therapeutique.com\/?page_id=42#breadcrumb"},"inLanguage":"fr-FR","potentialAction":[{"@type":"ReadAction","target":["https:\/\/chloe-guidance-therapeutique.com\/?page_id=42"]}]},{"@type":"ImageObject","inLanguage":"fr-FR","@id":"https:\/\/chloe-guidance-therapeutique.com\/?page_id=42#primaryimage","url":"http:\/\/chloe-guidance-therapeutique.com\/wp-content\/uploads\/2025\/04\/IMG_0260.png","contentUrl":"http:\/\/chloe-guidance-therapeutique.com\/wp-content\/uploads\/2025\/04\/IMG_0260.png"},{"@type":"BreadcrumbList","@id":"https:\/\/chloe-guidance-therapeutique.com\/?page_id=42#breadcrumb","itemListElement":[{"@type":"ListItem","position":1,"name":"Accueil","item":"https:\/\/chloe-guidance-therapeutique.com\/"},{"@type":"ListItem","position":2,"name":"R\u00e9servations &amp; Tarifs"}]},{"@type":"WebSite","@id":"https:\/\/chloe-guidance-therapeutique.com\/#website","url":"https:\/\/chloe-guidance-therapeutique.com\/","name":"www.chloe-guidance-therapeutique.com","description":"Un site utilisant WordPress","publisher":{"@id":"https:\/\/chloe-guidance-therapeutique.com\/#organization"},"alternateName":"En Je - Chlo\u00e9 Philippe","potentialAction":[{"@type":"SearchAction","target":{"@type":"EntryPoint","urlTemplate":"https:\/\/chloe-guidance-therapeutique.com\/?s={search_term_string}"},"query-input":{"@type":"PropertyValueSpecification","valueRequired":true,"valueName":"search_term_string"}}],"inLanguage":"fr-FR"},{"@type":"Organization","@id":"https:\/\/chloe-guidance-therapeutique.com\/#organization","name":"En Je - Chlo\u00e9 Philippe","url":"https:\/\/chloe-guidance-therapeutique.com\/","logo":{"@type":"ImageObject","inLanguage":"fr-FR","@id":"https:\/\/chloe-guidance-therapeutique.com\/#\/schema\/logo\/image\/","url":"https:\/\/chloe-guidance-therapeutique.com\/wp-content\/uploads\/2025\/04\/cropped-IMG_0300.jpg","contentUrl":"https:\/\/chloe-guidance-therapeutique.com\/wp-content\/uploads\/2025\/04\/cropped-IMG_0300.jpg","width":512,"height":512,"caption":"En Je - Chlo\u00e9 Philippe"},"image":{"@id":"https:\/\/chloe-guidance-therapeutique.com\/#\/schema\/logo\/image\/"},"sameAs":["https:\/\/www.instagram.com\/enje_chloephilippe?igsh=MmFwODVmYmZtZGVi&utm_source=qr"]}]}},"_links":{"self":[{"href":"https:\/\/chloe-guidance-therapeutique.com\/index.php?rest_route=\/wp\/v2\/pages\/42","targetHints":{"allow":["GET"]}}],"collection":[{"href":"https:\/\/chloe-guidance-therapeutique.com\/index.php?rest_route=\/wp\/v2\/pages"}],"about":[{"href":"https:\/\/chloe-guidance-therapeutique.com\/index.php?rest_route=\/wp\/v2\/types\/page"}],"author":[{"embeddable":true,"href":"https:\/\/chloe-guidance-therapeutique.com\/index.php?rest_route=\/wp\/v2\/users\/1"}],"replies":[{"embeddable":true,"href":"https:\/\/chloe-guidance-therapeutique.com\/index.php?rest_route=%2Fwp%2Fv2%2Fcomments&post=42"}],"version-history":[{"count":26,"href":"https:\/\/chloe-guidance-therapeutique.com\/index.php?rest_route=\/wp\/v2\/pages\/42\/revisions"}],"predecessor-version":[{"id":582,"href":"https:\/\/chloe-guidance-therapeutique.com\/index.php?rest_route=\/wp\/v2\/pages\/42\/revisions\/582"}],"wp:attachment":[{"href":"https:\/\/chloe-guidance-therapeutique.com\/index.php?rest_route=%2Fwp%2Fv2%2Fmedia&parent=42"}],"curies":[{"name":"wp","href":"https:\/\/api.w.org\/{rel}","templated":true}]}}